{"id":86,"date":"2014-09-11T09:05:49","date_gmt":"2014-09-11T13:05:49","guid":{"rendered":"http:\/\/demo.themesuite.com\/automotive-wp\/?page_id=86"},"modified":"2021-11-10T09:06:19","modified_gmt":"2021-11-10T09:06:19","slug":"services","status":"publish","type":"page","link":"http:\/\/seniranauto.sn\/?page_id=86","title":{"rendered":"Services"},"content":{"rendered":"\t\t<div class=\"elementor elementor-86\">\n\t\t\t<div class=\"elementor-inner\">\n\t\t\t\t<div class=\"elementor-section-wrap\">\n\t\t\t\t\t\t\t<section data-id=\"1cc4d96\" class=\"elementor-element elementor-element-1cc4d96 elementor-section-boxed elementor-section-height-default elementor-section-height-default elementor-section elementor-top-section\" data-element_type=\"section\">\n\t\t\t\t\t\t<div class=\"elementor-container elementor-column-gap-default\">\n\t\t\t\t<div class=\"elementor-row\">\n\t\t\t\t<div data-id=\"6c63265\" class=\"elementor-element elementor-element-6c63265 elementor-column elementor-col-100 elementor-top-column\" data-element_type=\"column\">\n\t\t\t<div class=\"elementor-column-wrap elementor-element-populated\">\n\t\t\t\t\t<div class=\"elementor-widget-wrap\">\n\t\t\t\t<div data-id=\"141ca34\" class=\"elementor-element elementor-element-141ca34 elementor-widget elementor-widget-alert\" data-element_type=\"alert.default\">\n\t\t\t\t<div class=\"elementor-widget-container\">\n\t\t\t\t\t<div class=\"elementor-alert elementor-alert-success\" role=\"alert\">\n\t\t\t<span class=\"elementor-alert-title\">INFORMATION<\/span>\n\t\t\t\t\t\t\t<span class=\"elementor-alert-description\">BIENT\u00d4T DEUX VOITURES SERONT MISES A LA DISPOSITION DES CLIENTS AFIN DE FACILITER LA MAINTENANCE ET LA R\u00c9PARATION DES V\u00c9HICULES EN UN TEMPS RECORD <\/span>\n\t\t\t\t\t\t\t\t<\/div>\n\t\t\t\t<\/div>\n\t\t\t\t<\/div>\n\t\t\t\t\t\t<\/div>\n\t\t\t<\/div>\n\t\t<\/div>\n\t\t\t\t\t\t<\/div>\n\t\t\t<\/div>\n\t\t<\/section>\n\t\t\t\t<section data-id=\"f5dd341\" class=\"elementor-element elementor-element-f5dd341 elementor-section-boxed elementor-section-height-default elementor-section-height-default elementor-section elementor-top-section\" data-element_type=\"section\">\n\t\t\t\t\t\t<div class=\"elementor-container elementor-column-gap-default\">\n\t\t\t\t<div class=\"elementor-row\">\n\t\t\t\t<div data-id=\"b81de45\" class=\"elementor-element elementor-element-b81de45 elementor-column elementor-col-100 elementor-top-column\" data-element_type=\"column\">\n\t\t\t<div class=\"elementor-column-wrap\">\n\t\t\t\t\t<div class=\"elementor-widget-wrap\">\n\t\t\t\t\t\t<\/div>\n\t\t\t<\/div>\n\t\t<\/div>\n\t\t\t\t\t\t<\/div>\n\t\t\t<\/div>\n\t\t<\/section>\n\t\t\t\t<section data-id=\"23f0636\" class=\"elementor-element elementor-element-23f0636 elementor-section-boxed elementor-section-height-default elementor-section-height-default elementor-section elementor-top-section\" data-settings=\"{&quot;background_background&quot;:&quot;classic&quot;}\" data-element_type=\"section\">\n\t\t\t\t\t\t<div class=\"elementor-container elementor-column-gap-default\">\n\t\t\t\t<div class=\"elementor-row\">\n\t\t\t\t<div data-id=\"b5c76e0\" class=\"elementor-element elementor-element-b5c76e0 elementor-column elementor-col-100 elementor-top-column\" data-element_type=\"column\">\n\t\t\t<div class=\"elementor-column-wrap elementor-element-populated\">\n\t\t\t\t\t<div class=\"elementor-widget-wrap\">\n\t\t\t\t<div data-id=\"48d627c\" class=\"elementor-element elementor-element-48d627c elementor-widget elementor-widget-image-carousel\" data-settings=\"{&quot;slides_to_show&quot;:&quot;2&quot;,&quot;slides_to_scroll&quot;:&quot;2&quot;,&quot;navigation&quot;:&quot;both&quot;,&quot;pause_on_hover&quot;:&quot;yes&quot;,&quot;autoplay&quot;:&quot;yes&quot;,&quot;autoplay_speed&quot;:5000,&quot;infinite&quot;:&quot;yes&quot;,&quot;speed&quot;:500,&quot;direction&quot;:&quot;ltr&quot;}\" data-element_type=\"image-carousel.default\">\n\t\t\t\t<div class=\"elementor-widget-container\">\n\t\t\t\t\t<div class=\"elementor-image-carousel-wrapper elementor-slick-slider\" dir=\"ltr\">\n\t\t\t<div class=\"elementor-image-carousel slick-arrows-inside slick-dots-outside slick-image-stretch\">\n\t\t\t\t<div class=\"slick-slide\"><figure class=\"slick-slide-inner\"><a href=\"http:\/\/seniranauto.sn\/wp-content\/uploads\/2018\/07\/TAULIER-1.jpg\" data-elementor-open-lightbox=\"default\" data-elementor-lightbox-slideshow=\"48d627c\" data-elementor-lightbox-index=\"0\" data-rel=\"lightbox-image-0\" data-rl_title=\"\" data-rl_caption=\"\" title=\"\"><img decoding=\"async\" class=\"slick-slide-image\" src=\"http:\/\/seniranauto.sn\/wp-content\/uploads\/2018\/07\/TAULIER-1-300x300.jpg\" alt=\"TAULIER\" \/><\/a><\/figure><\/div><div class=\"slick-slide\"><figure class=\"slick-slide-inner\"><a href=\"http:\/\/seniranauto.sn\/wp-content\/uploads\/2018\/06\/DSC_6308-e1529594959384.jpg\" data-elementor-open-lightbox=\"default\" data-elementor-lightbox-slideshow=\"48d627c\" data-elementor-lightbox-index=\"1\" data-rel=\"lightbox-image-1\" data-rl_title=\"\" data-rl_caption=\"\" title=\"\"><img decoding=\"async\" class=\"slick-slide-image\" src=\"http:\/\/seniranauto.sn\/wp-content\/uploads\/2018\/06\/DSC_6308-300x300.jpg\" alt=\"DSC_6308\" \/><\/a><\/figure><\/div><div class=\"slick-slide\"><figure class=\"slick-slide-inner\"><a href=\"http:\/\/seniranauto.sn\/wp-content\/uploads\/2018\/07\/DSC_6334.jpg\" data-elementor-open-lightbox=\"default\" data-elementor-lightbox-slideshow=\"48d627c\" data-elementor-lightbox-index=\"2\" data-rel=\"lightbox-image-2\" data-rl_title=\"\" data-rl_caption=\"\" title=\"\"><img decoding=\"async\" class=\"slick-slide-image\" src=\"http:\/\/seniranauto.sn\/wp-content\/uploads\/2018\/07\/DSC_6334-300x300.jpg\" alt=\"DSC_6334\" \/><\/a><\/figure><\/div><div class=\"slick-slide\"><figure class=\"slick-slide-inner\"><a href=\"http:\/\/seniranauto.sn\/wp-content\/uploads\/2018\/07\/ENYTETE3.jpg\" data-elementor-open-lightbox=\"default\" data-elementor-lightbox-slideshow=\"48d627c\" data-elementor-lightbox-index=\"3\" data-rel=\"lightbox-image-3\" data-rl_title=\"\" data-rl_caption=\"\" title=\"\"><img decoding=\"async\" class=\"slick-slide-image\" src=\"http:\/\/seniranauto.sn\/wp-content\/uploads\/2018\/07\/ENYTETE3-300x300.jpg\" alt=\"ENYTETE3\" \/><\/a><\/figure><\/div><div class=\"slick-slide\"><figure class=\"slick-slide-inner\"><a href=\"http:\/\/seniranauto.sn\/wp-content\/uploads\/2018\/06\/DSC_6319.jpg\" data-elementor-open-lightbox=\"default\" data-elementor-lightbox-slideshow=\"48d627c\" data-elementor-lightbox-index=\"4\" data-rel=\"lightbox-image-4\" data-rl_title=\"\" data-rl_caption=\"\" title=\"\"><img decoding=\"async\" class=\"slick-slide-image\" src=\"http:\/\/seniranauto.sn\/wp-content\/uploads\/2018\/06\/DSC_6319-300x300.jpg\" alt=\"DSC_6319\" \/><\/a><\/figure><\/div><div class=\"slick-slide\"><figure class=\"slick-slide-inner\"><a href=\"http:\/\/seniranauto.sn\/wp-content\/uploads\/2018\/06\/DSC_6294.jpg\" data-elementor-open-lightbox=\"default\" data-elementor-lightbox-slideshow=\"48d627c\" data-elementor-lightbox-index=\"5\" data-rel=\"lightbox-image-5\" data-rl_title=\"\" data-rl_caption=\"\" title=\"\"><img decoding=\"async\" class=\"slick-slide-image\" src=\"http:\/\/seniranauto.sn\/wp-content\/uploads\/2018\/06\/DSC_6294-300x300.jpg\" alt=\"DSC_6294\" \/><\/a><\/figure><\/div><div class=\"slick-slide\"><figure class=\"slick-slide-inner\"><a href=\"http:\/\/seniranauto.sn\/wp-content\/uploads\/2018\/06\/DSC_6295.jpg\" data-elementor-open-lightbox=\"default\" data-elementor-lightbox-slideshow=\"48d627c\" data-elementor-lightbox-index=\"6\" data-rel=\"lightbox-image-6\" data-rl_title=\"\" data-rl_caption=\"\" title=\"\"><img decoding=\"async\" class=\"slick-slide-image\" src=\"http:\/\/seniranauto.sn\/wp-content\/uploads\/2018\/06\/DSC_6295-300x300.jpg\" alt=\"DSC_6295\" \/><\/a><\/figure><\/div><div class=\"slick-slide\"><figure class=\"slick-slide-inner\"><a href=\"http:\/\/seniranauto.sn\/wp-content\/uploads\/2018\/06\/DSC_6307.jpg\" data-elementor-open-lightbox=\"default\" data-elementor-lightbox-slideshow=\"48d627c\" data-elementor-lightbox-index=\"7\" data-rel=\"lightbox-image-7\" data-rl_title=\"\" data-rl_caption=\"\" title=\"\"><img decoding=\"async\" class=\"slick-slide-image\" src=\"http:\/\/seniranauto.sn\/wp-content\/uploads\/2018\/06\/DSC_6307-300x300.jpg\" alt=\"DSC_6307\" \/><\/a><\/figure><\/div><div class=\"slick-slide\"><figure class=\"slick-slide-inner\"><a href=\"http:\/\/seniranauto.sn\/wp-content\/uploads\/2018\/06\/DSC_6342.jpg\" data-elementor-open-lightbox=\"default\" data-elementor-lightbox-slideshow=\"48d627c\" data-elementor-lightbox-index=\"8\" data-rel=\"lightbox-image-8\" data-rl_title=\"\" data-rl_caption=\"\" title=\"\"><img decoding=\"async\" class=\"slick-slide-image\" src=\"http:\/\/seniranauto.sn\/wp-content\/uploads\/2018\/06\/DSC_6342-300x300.jpg\" alt=\"DSC_6342\" \/><\/a><\/figure><\/div><div class=\"slick-slide\"><figure class=\"slick-slide-inner\"><a href=\"http:\/\/seniranauto.sn\/wp-content\/uploads\/2018\/07\/DSC_6279.jpg\" data-elementor-open-lightbox=\"default\" data-elementor-lightbox-slideshow=\"48d627c\" data-elementor-lightbox-index=\"9\" data-rel=\"lightbox-image-9\" data-rl_title=\"\" data-rl_caption=\"\" title=\"\"><img decoding=\"async\" class=\"slick-slide-image\" src=\"http:\/\/seniranauto.sn\/wp-content\/uploads\/2018\/07\/DSC_6279-300x300.jpg\" alt=\"DSC_6279\" \/><\/a><\/figure><\/div>\t\t\t<\/div>\n\t\t<\/div>\n\t\t\t\t<\/div>\n\t\t\t\t<\/div>\n\t\t\t\t\t\t<\/div>\n\t\t\t<\/div>\n\t\t<\/div>\n\t\t\t\t\t\t<\/div>\n\t\t\t<\/div>\n\t\t<\/section>\n\t\t\t\t<section data-id=\"2c03a34\" class=\"elementor-element elementor-element-2c03a34 elementor-section-boxed elementor-section-height-default elementor-section-height-default elementor-section elementor-top-section\" data-element_type=\"section\">\n\t\t\t\t\t\t<div class=\"elementor-container elementor-column-gap-default\">\n\t\t\t\t<div class=\"elementor-row\">\n\t\t\t\t<div data-id=\"bfab85e\" class=\"elementor-element elementor-element-bfab85e elementor-column elementor-col-33 elementor-top-column\" data-element_type=\"column\">\n\t\t\t<div class=\"elementor-column-wrap elementor-element-populated\">\n\t\t\t\t\t<div class=\"elementor-widget-wrap\">\n\t\t\t\t<div data-id=\"00402f0\" class=\"elementor-element elementor-element-00402f0 elementor-widget elementor-widget-google_maps\" data-element_type=\"google_maps.default\">\n\t\t\t\t<div class=\"elementor-widget-container\">\n\t\t\t<div class=\"elementor-custom-embed\"><iframe frameborder=\"0\" scrolling=\"no\" marginheight=\"0\" marginwidth=\"0\" src=\"https:\/\/maps.google.com\/maps?q=%20KM4%2C5%20Boulevard%20du%20Centenaire%20de%20la%20Commune%20de%20Dakar&amp;t=m&amp;z=10&amp;output=embed&amp;iwloc=near\" aria-label=\" KM4,5 Boulevard du Centenaire de la Commune de Dakar\"><\/iframe><\/div>\t\t<\/div>\n\t\t\t\t<\/div>\n\t\t\t\t\t\t<\/div>\n\t\t\t<\/div>\n\t\t<\/div>\n\t\t\t\t<div data-id=\"c800049\" class=\"elementor-element elementor-element-c800049 elementor-column elementor-col-33 elementor-top-column\" data-element_type=\"column\">\n\t\t\t<div class=\"elementor-column-wrap elementor-element-populated\">\n\t\t\t\t\t<div class=\"elementor-widget-wrap\">\n\t\t\t\t<div data-id=\"08f9f2c\" class=\"elementor-element elementor-element-08f9f2c elementor-widget elementor-widget-google_maps\" data-element_type=\"google_maps.default\">\n\t\t\t\t<div class=\"elementor-widget-container\">\n\t\t\t<div class=\"elementor-custom-embed\"><iframe frameborder=\"0\" scrolling=\"no\" marginheight=\"0\" marginwidth=\"0\" src=\"https:\/\/maps.google.com\/maps?q=ZAC%20de%20THIES&amp;t=m&amp;z=10&amp;output=embed&amp;iwloc=near\" aria-label=\"ZAC de THIES\"><\/iframe><\/div>\t\t<\/div>\n\t\t\t\t<\/div>\n\t\t\t\t\t\t<\/div>\n\t\t\t<\/div>\n\t\t<\/div>\n\t\t\t\t<div data-id=\"7eb43a8\" class=\"elementor-element elementor-element-7eb43a8 elementor-column elementor-col-33 elementor-top-column\" data-element_type=\"column\">\n\t\t\t<div class=\"elementor-column-wrap elementor-element-populated\">\n\t\t\t\t\t<div class=\"elementor-widget-wrap\">\n\t\t\t\t<div data-id=\"c6439b8\" class=\"elementor-element elementor-element-c6439b8 elementor-widget elementor-widget-google_maps\" data-element_type=\"google_maps.default\">\n\t\t\t\t<div class=\"elementor-widget-container\">\n\t\t\t<div class=\"elementor-custom-embed\"><iframe frameborder=\"0\" scrolling=\"no\" marginheight=\"0\" marginwidth=\"0\" src=\"https:\/\/maps.google.com\/maps?q=linguere%20%20senegal&amp;t=m&amp;z=10&amp;output=embed&amp;iwloc=near\" aria-label=\"linguere  senegal\"><\/iframe><\/div>\t\t<\/div>\n\t\t\t\t<\/div>\n\t\t\t\t\t\t<\/div>\n\t\t\t<\/div>\n\t\t<\/div>\n\t\t\t\t\t\t<\/div>\n\t\t\t<\/div>\n\t\t<\/section>\n\t\t\t\t<section data-id=\"88f026b\" class=\"elementor-element elementor-element-88f026b elementor-section-boxed elementor-section-height-default elementor-section-height-default elementor-section elementor-top-section\" data-element_type=\"section\">\n\t\t\t\t\t\t<div class=\"elementor-container elementor-column-gap-default\">\n\t\t\t\t<div class=\"elementor-row\">\n\t\t\t\t<div data-id=\"a5eee5e\" class=\"elementor-element elementor-element-a5eee5e elementor-column elementor-col-100 elementor-top-column\" data-element_type=\"column\">\n\t\t\t<div class=\"elementor-column-wrap elementor-element-populated\">\n\t\t\t\t\t<div class=\"elementor-widget-wrap\">\n\t\t\t\t<div data-id=\"b7f71cb\" class=\"elementor-element elementor-element-b7f71cb elementor-widget elementor-widget-wp-widget-contact-us-widget\" data-element_type=\"wp-widget-contact-us-widget.default\">\n\t\t\t\t<div class=\"elementor-widget-container\">\n\t\t\t<h5>Nous contacter<\/h5>\r\n\t<div class=\"footer-contact xs-margin-bottom-60\">\r\n\t\t<ul>\r\n\t\t\t<li><i class=\"fa fa-map-marker\"><\/i> <strong>Address:<\/strong> KM4,5 Boulevard du Centenaire de la Commune de Dakar<\/li>\r\n\t\t\t<li><i class=\"fa fa-phone\"><\/i> <strong>Phone:<\/strong>33 859 54 54<\/li>\r\n\t\t\t\t\t\t\t<li><i class=\"fa fa-envelope-o\"><\/i> <strong>Email:<\/strong><a href=\"mailto:contact@seniranauto.sn\">contact@seniranauto.sn<\/a><\/li>\r\n\t\t\t\t\t<\/ul>\r\n\r\n\t\t<i class=\"fa fa-location-arrow back_icon\"><\/i>\r\n\t<\/div>\r\n\t\t<\/div>\n\t\t\t\t<\/div>\n\t\t\t\t\t\t<\/div>\n\t\t\t<\/div>\n\t\t<\/div>\n\t\t\t\t\t\t<\/div>\n\t\t\t<\/div>\n\t\t<\/section>\n\t\t\t\t\t\t<\/div>\n\t\t\t<\/div>\n\t\t<\/div>\n\t\t","protected":false},"excerpt":{"rendered":"<p>DEUX VOITURES DE PATROUILLE\u00a0 SONT MISES A LA DISPOSITION DES CLIENTS AFIN DE FACILITER LA MAINTENANCE ET LA R\u00c9PARATION DES V\u00c9HICULES EN UN TEMPS RECORD<\/p>\n<p> <img decoding=\"async\" src=\"http:\/\/seniranauto.sn\/wp-content\/uploads\/2018\/06\/DSC_6308-300x300.jpg\" alt=\"DSC_6308\" \/> <img decoding=\"async\" src=\"http:\/\/seniranauto.sn\/wp-content\/uploads\/2018\/07\/DSC_6334-300x300.jpg\" alt=\"DSC_6334\" \/> <img decoding=\"async\" src=\"http:\/\/seniranauto.sn\/wp-content\/uploads\/2018\/07\/ENYTETE3-300x300.jpg\" alt=\"ENYTETE3\" \/> <img decoding=\"async\" src=\"http:\/\/seniranauto.sn\/wp-content\/uploads\/2018\/06\/DSC_6319-300x300.jpg\" alt=\"DSC_6319\" \/> <img decoding=\"async\" src=\"http:\/\/seniranauto.sn\/wp-content\/uploads\/2018\/06\/DSC_6294-300x300.jpg\" alt=\"DSC_6294\" \/> <img decoding=\"async\" src=\"http:\/\/seniranauto.sn\/wp-content\/uploads\/2018\/06\/DSC_6295-300x300.jpg\" alt=\"DSC_6295\" \/> <img decoding=\"async\" src=\"http:\/\/seniranauto.sn\/wp-content\/uploads\/2018\/06\/DSC_6307-300x300.jpg\" alt=\"DSC_6307\" \/> <img decoding=\"async\" loading=\"lazy\" class=\"alignnone\" src=\"http:\/\/seniranauto.sn\/wp-content\/uploads\/2018\/06\/DSC_6342-300x300.jpg\" alt=\"DSC_6342\" width=\"300\" height=\"300\" \/> <img decoding=\"async\" src=\"http:\/\/seniranauto.sn\/wp-content\/uploads\/2018\/07\/DSC_6279-300x300.jpg\" alt=\"DSC_6279\" \/> <\/p>\n","protected":false},"author":6,"featured_media":0,"parent":0,"menu_order":0,"comment_status":"closed","ping_status":"closed","template":"","meta":[],"aioseo_notices":[],"_links":{"self":[{"href":"http:\/\/seniranauto.sn\/index.php?rest_route=\/wp\/v2\/pages\/86"}],"collection":[{"href":"http:\/\/seniranauto.sn\/index.php?rest_route=\/wp\/v2\/pages"}],"about":[{"href":"http:\/\/seniranauto.sn\/index.php?rest_route=\/wp\/v2\/types\/page"}],"author":[{"embeddable":true,"href":"http:\/\/seniranauto.sn\/index.php?rest_route=\/wp\/v2\/users\/6"}],"replies":[{"embeddable":true,"href":"http:\/\/seniranauto.sn\/index.php?rest_route=%2Fwp%2Fv2%2Fcomments&post=86"}],"version-history":[{"count":98,"href":"http:\/\/seniranauto.sn\/index.php?rest_route=\/wp\/v2\/pages\/86\/revisions"}],"predecessor-version":[{"id":7000,"href":"http:\/\/seniranauto.sn\/index.php?rest_route=\/wp\/v2\/pages\/86\/revisions\/7000"}],"wp:attachment":[{"href":"http:\/\/seniranauto.sn\/index.php?rest_route=%2Fwp%2Fv2%2Fmedia&parent=86"}],"curies":[{"name":"wp","href":"https:\/\/api.w.org\/{rel}","templated":true}]}}