{"id":3836,"date":"2018-06-20T11:29:42","date_gmt":"2018-06-20T11:29:42","guid":{"rendered":"http:\/\/seniranauto.sn\/?page_id=3836"},"modified":"2023-01-20T14:29:03","modified_gmt":"2023-01-20T14:29:03","slug":"08-mars","status":"publish","type":"page","link":"http:\/\/seniranauto.sn\/?page_id=3836","title":{"rendered":"08 MARS"},"content":{"rendered":"\t\t<div class=\"elementor elementor-3836\">\n\t\t\t<div class=\"elementor-inner\">\n\t\t\t\t<div class=\"elementor-section-wrap\">\n\t\t\t\t\t\t\t<section data-id=\"43425ce1\" class=\"elementor-element elementor-element-43425ce1 elementor-section-boxed elementor-section-height-default elementor-section-height-default elementor-section elementor-top-section\" data-element_type=\"section\">\n\t\t\t\t\t\t<div class=\"elementor-container elementor-column-gap-default\">\n\t\t\t\t<div class=\"elementor-row\">\n\t\t\t\t<div data-id=\"68e9b7a1\" class=\"elementor-element elementor-element-68e9b7a1 elementor-column elementor-col-100 elementor-top-column\" data-element_type=\"column\">\n\t\t\t<div class=\"elementor-column-wrap elementor-element-populated\">\n\t\t\t\t\t<div class=\"elementor-widget-wrap\">\n\t\t\t\t<div data-id=\"3918770b\" class=\"elementor-element elementor-element-3918770b elementor-widget elementor-widget-text-editor\" data-element_type=\"text-editor.default\">\n\t\t\t\t<div class=\"elementor-widget-container\">\n\t\t\t\t\t<div class=\"elementor-text-editor elementor-clearfix\"><h5><strong>A l\u2019occasion de la journ\u00e9e internationale des droits de la femme , le Directeur<\/strong><br \/><strong>G\u00e9n\u00e9ral de SENIRANAUTO a offert aux femmes de l\u2019entreprise des tissus pour<\/strong><br \/><strong>leur habillement ainsi qu\u2019un d\u00e9jeuner copieux \u00e0 toute l\u2019\u00e9quipe de<\/strong><br \/><strong>SENIRANAUTO.<\/strong><br \/><strong>Apr\u00e9s le d\u00e9jeuner , le restaurant a \u00e9t\u00e9 transform\u00e9 en DANCING par les femmes.<\/strong><\/h5><\/div>\n\t\t\t\t<\/div>\n\t\t\t\t<\/div>\n\t\t\t\t\t\t<\/div>\n\t\t\t<\/div>\n\t\t<\/div>\n\t\t\t\t\t\t<\/div>\n\t\t\t<\/div>\n\t\t<\/section>\n\t\t\t\t<section data-id=\"f1fa542\" class=\"elementor-element elementor-element-f1fa542 elementor-section-boxed elementor-section-height-default elementor-section-height-default elementor-section elementor-top-section\" data-element_type=\"section\">\n\t\t\t\t\t\t<div class=\"elementor-container elementor-column-gap-default\">\n\t\t\t\t<div class=\"elementor-row\">\n\t\t\t\t<div data-id=\"823da32\" class=\"elementor-element elementor-element-823da32 elementor-column elementor-col-100 elementor-top-column\" data-element_type=\"column\">\n\t\t\t<div class=\"elementor-column-wrap elementor-element-populated\">\n\t\t\t\t\t<div class=\"elementor-widget-wrap\">\n\t\t\t\t<div data-id=\"3409864\" class=\"elementor-element elementor-element-3409864 elementor-widget elementor-widget-image-gallery\" data-element_type=\"image-gallery.default\">\n\t\t\t\t<div class=\"elementor-widget-container\">\n\t\t\t\t\t<\/div>\n\t\t\t\t<\/div>\n\t\t\t\t\t\t<\/div>\n\t\t\t<\/div>\n\t\t<\/div>\n\t\t\t\t\t\t<\/div>\n\t\t\t<\/div>\n\t\t<\/section>\n\t\t\t\t\t\t<\/div>\n\t\t\t<\/div>\n\t\t<\/div>\n\t\t","protected":false},"excerpt":{"rendered":"<p><strong>A l\u2019occasion de la journ\u00e9e internationale des droits de la femme , le Directeur<\/strong><br \/><strong>G\u00e9n\u00e9ral de SENIRANAUTO a offert aux femmes de l\u2019entreprise des tissus pour<\/strong><br \/><strong>leur habillement ainsi qu\u2019un d\u00e9jeuner copieux \u00e0 toute l\u2019\u00e9quipe de<\/strong><br \/><strong>SENIRANAUTO.<\/strong><br \/><strong>Apr\u00e9s le d\u00e9jeuner , le restaurant a \u00e9t\u00e9 transform\u00e9 en DANCING par les femmes.<\/strong> &lt;?php putRevSlider(&lsquo;DIEND&rsquo;, &lsquo;homepage&rsquo;); ?&gt; <\/p><\/p>\n","protected":false},"author":9,"featured_media":0,"parent":0,"menu_order":0,"comment_status":"closed","ping_status":"closed","template":"","meta":[],"aioseo_notices":[],"_links":{"self":[{"href":"http:\/\/seniranauto.sn\/index.php?rest_route=\/wp\/v2\/pages\/3836"}],"collection":[{"href":"http:\/\/seniranauto.sn\/index.php?rest_route=\/wp\/v2\/pages"}],"about":[{"href":"http:\/\/seniranauto.sn\/index.php?rest_route=\/wp\/v2\/types\/page"}],"author":[{"embeddable":true,"href":"http:\/\/seniranauto.sn\/index.php?rest_route=\/wp\/v2\/users\/9"}],"replies":[{"embeddable":true,"href":"http:\/\/seniranauto.sn\/index.php?rest_route=%2Fwp%2Fv2%2Fcomments&post=3836"}],"version-history":[{"count":7,"href":"http:\/\/seniranauto.sn\/index.php?rest_route=\/wp\/v2\/pages\/3836\/revisions"}],"predecessor-version":[{"id":7252,"href":"http:\/\/seniranauto.sn\/index.php?rest_route=\/wp\/v2\/pages\/3836\/revisions\/7252"}],"wp:attachment":[{"href":"http:\/\/seniranauto.sn\/index.php?rest_route=%2Fwp%2Fv2%2Fmedia&parent=3836"}],"curies":[{"name":"wp","href":"https:\/\/api.w.org\/{rel}","templated":true}]}}