{"id":3039,"date":"2018-03-26T16:17:24","date_gmt":"2018-03-26T16:17:24","guid":{"rendered":"http:\/\/seniranauto.sn\/?page_id=3039"},"modified":"2025-07-24T11:44:04","modified_gmt":"2025-07-24T11:44:04","slug":"formations-internes","status":"publish","type":"page","link":"http:\/\/seniranauto.sn\/?page_id=3039","title":{"rendered":"Formations internes"},"content":{"rendered":"\t\t<div class=\"elementor elementor-3039\">\n\t\t\t<div class=\"elementor-inner\">\n\t\t\t\t<div class=\"elementor-section-wrap\">\n\t\t\t\t\t\t\t<section data-id=\"c33420b\" class=\"elementor-element elementor-element-c33420b elementor-section-boxed elementor-section-height-default elementor-section-height-default elementor-section elementor-top-section\" data-element_type=\"section\">\n\t\t\t\t\t\t<div class=\"elementor-container elementor-column-gap-default\">\n\t\t\t\t<div class=\"elementor-row\">\n\t\t\t\t<div data-id=\"6945b3b\" class=\"elementor-element elementor-element-6945b3b elementor-column elementor-col-50 elementor-top-column\" data-element_type=\"column\">\n\t\t\t<div class=\"elementor-column-wrap elementor-element-populated\">\n\t\t\t\t\t<div class=\"elementor-widget-wrap\">\n\t\t\t\t<div data-id=\"5272f00\" class=\"elementor-element elementor-element-5272f00 elementor-widget elementor-widget-image-carousel\" data-settings=\"{&quot;slides_to_show&quot;:&quot;1&quot;,&quot;navigation&quot;:&quot;both&quot;,&quot;pause_on_hover&quot;:&quot;yes&quot;,&quot;autoplay&quot;:&quot;yes&quot;,&quot;autoplay_speed&quot;:5000,&quot;infinite&quot;:&quot;yes&quot;,&quot;effect&quot;:&quot;slide&quot;,&quot;speed&quot;:500,&quot;direction&quot;:&quot;ltr&quot;}\" data-element_type=\"image-carousel.default\">\n\t\t\t\t<div class=\"elementor-widget-container\">\n\t\t\t\t\t<div class=\"elementor-image-carousel-wrapper elementor-slick-slider\" dir=\"ltr\">\n\t\t\t<div class=\"elementor-image-carousel slick-arrows-inside slick-dots-outside\">\n\t\t\t\t<div class=\"slick-slide\"><figure class=\"slick-slide-inner\"><img decoding=\"async\" class=\"slick-slide-image\" src=\"http:\/\/seniranauto.sn\/wp-content\/uploads\/elementor\/thumbs\/IMG_60241-nvfsoq0e5n6no0kq44o4ik9kkyvxsekcbd3mfx854s.jpg\" alt=\"IMG_60241\" \/><\/figure><\/div><div class=\"slick-slide\"><figure class=\"slick-slide-inner\"><img decoding=\"async\" class=\"slick-slide-image\" src=\"http:\/\/seniranauto.sn\/wp-content\/uploads\/elementor\/thumbs\/IMG_6028-nvfspwb4p6sk6gva94yc4rlbbb3ges89h6gh1dhfcs.jpg\" alt=\"IMG_6028\" \/><\/figure><\/div><div class=\"slick-slide\"><figure class=\"slick-slide-inner\"><img decoding=\"async\" class=\"slick-slide-image\" src=\"\" alt=\"\" \/><\/figure><\/div><div class=\"slick-slide\"><figure class=\"slick-slide-inner\"><img decoding=\"async\" class=\"slick-slide-image\" src=\"http:\/\/seniranauto.sn\/wp-content\/uploads\/elementor\/thumbs\/IMG_6026-nvfssl4i94h3eaynjsswrl5shzu9flwm6hnhgvhvjw.jpg\" alt=\"IMG_6026\" \/><\/figure><\/div><div class=\"slick-slide\"><figure class=\"slick-slide-inner\"><img decoding=\"async\" class=\"slick-slide-image\" src=\"http:\/\/seniranauto.sn\/wp-content\/uploads\/elementor\/thumbs\/IMG_6025-nvfstjwj9zspbvk4wpu3tuduh92uceqon9sg842b5o.jpg\" alt=\"IMG_6025\" \/><\/figure><\/div><div class=\"slick-slide\"><figure class=\"slick-slide-inner\"><img decoding=\"async\" class=\"slick-slide-image\" src=\"http:\/\/seniranauto.sn\/wp-content\/uploads\/elementor\/thumbs\/IMG_6024-nvfsv66j1q0hbp7hgf0z4fofb53lln61ja8jz9nwfw.jpg\" alt=\"IMG_6024\" \/><\/figure><\/div><div class=\"slick-slide\"><figure class=\"slick-slide-inner\"><img decoding=\"async\" class=\"slick-slide-image\" src=\"http:\/\/seniranauto.sn\/wp-content\/uploads\/elementor\/thumbs\/IMG_6023-nvfswch9l9mdu5i1lfb6qn061hb480typ3lekpx6nw.jpg\" alt=\"IMG_6023\" \/><\/figure><\/div><div class=\"slick-slide\"><figure class=\"slick-slide-inner\"><img decoding=\"async\" class=\"slick-slide-image\" src=\"http:\/\/seniranauto.sn\/wp-content\/uploads\/elementor\/thumbs\/IMG_6022-nvfsxr8jubjv93gbd191ha724acxrofgw2tmhntxbw.jpg\" alt=\"IMG_6022\" \/><\/figure><\/div><div class=\"slick-slide\"><figure class=\"slick-slide-inner\"><img decoding=\"async\" class=\"slick-slide-image\" src=\"http:\/\/seniranauto.sn\/wp-content\/uploads\/elementor\/thumbs\/IMG_6021-nvfszfe7zpu7w50xlr95wv0k4y4fgb2agckp7dcq9o.jpg\" alt=\"IMG_6021\" \/><\/figure><\/div><div class=\"slick-slide\"><figure class=\"slick-slide-inner\"><img decoding=\"async\" class=\"slick-slide-image\" src=\"http:\/\/seniranauto.sn\/wp-content\/uploads\/elementor\/thumbs\/IMG_6020-nvft0kr4cfeu2zcuw94qykku9wgkuzmha1a2bjnenw.jpg\" alt=\"IMG_6020\" \/><\/figure><\/div><div class=\"slick-slide\"><figure class=\"slick-slide-inner\"><img decoding=\"async\" class=\"slick-slide-image\" src=\"http:\/\/seniranauto.sn\/wp-content\/uploads\/elementor\/thumbs\/IMG_6019-nvft1p66iay5y7q5c8lpfsdntgxd1z2xrlbxyfzh8c.jpg\" alt=\"IMG_6019\" \/><\/figure><\/div><div class=\"slick-slide\"><figure class=\"slick-slide-inner\"><img decoding=\"async\" class=\"slick-slide-image\" src=\"http:\/\/seniranauto.sn\/wp-content\/uploads\/elementor\/thumbs\/IMG_6018-nvft2xclfimn3vxz69p66z8bqkvm3qyblnzrig5z3w.jpg\" alt=\"IMG_6018\" \/><\/figure><\/div><div class=\"slick-slide\"><figure class=\"slick-slide-inner\"><img decoding=\"async\" class=\"slick-slide-image\" src=\"http:\/\/seniranauto.sn\/wp-content\/uploads\/elementor\/thumbs\/IMG_6017-nvft46gujkcel64fut79inug92p8d7xfrvb2jqb2t8.jpg\" alt=\"IMG_6017\" \/><\/figure><\/div><div class=\"slick-slide\"><figure class=\"slick-slide-inner\"><img decoding=\"async\" class=\"slick-slide-image\" src=\"\" alt=\"\" \/><\/figure><\/div><div class=\"slick-slide\"><figure class=\"slick-slide-inner\"><img decoding=\"async\" class=\"slick-slide-image\" src=\"http:\/\/seniranauto.sn\/wp-content\/uploads\/elementor\/thumbs\/IMG_6015-nvft6ky00bms9amttukxw20uwiv01dgqrrbqp6quws.jpg\" alt=\"IMG_6015\" \/><\/figure><\/div><div class=\"slick-slide\"><figure class=\"slick-slide-inner\"><img decoding=\"async\" class=\"slick-slide-image\" src=\"\" alt=\"\" \/><\/figure><\/div><div class=\"slick-slide\"><figure class=\"slick-slide-inner\"><img decoding=\"async\" class=\"slick-slide-image\" src=\"http:\/\/seniranauto.sn\/wp-content\/uploads\/elementor\/thumbs\/IMG_6012-nvft8xjh3eula77y3v5d4gocd7a1a4sl3e1fw39fcs.jpg\" alt=\"IMG_6012\" \/><\/figure><\/div>\t\t\t<\/div>\n\t\t<\/div>\n\t\t\t\t<\/div>\n\t\t\t\t<\/div>\n\t\t\t\t\t\t<\/div>\n\t\t\t<\/div>\n\t\t<\/div>\n\t\t\t\t<div data-id=\"7d71df1\" class=\"elementor-element elementor-element-7d71df1 elementor-column elementor-col-50 elementor-top-column\" data-element_type=\"column\">\n\t\t\t<div class=\"elementor-column-wrap elementor-element-populated\">\n\t\t\t\t\t<div class=\"elementor-widget-wrap\">\n\t\t\t\t<div data-id=\"fe8f7b9\" class=\"elementor-element elementor-element-fe8f7b9 elementor-widget elementor-widget-text-editor\" data-element_type=\"text-editor.default\">\n\t\t\t\t<div class=\"elementor-widget-container\">\n\t\t\t\t\t<div class=\"elementor-text-editor elementor-clearfix\"><h5>Dans le soucis d\u2019avoir une expertise locale qualifi\u00e9e SENIRANAUTO\u00a0 a permis a ses employ\u00e9s de b\u00e9n\u00e9ficier des cours en GAZ PROPANE et LIQUIDE par des experts afin d\u201daugmenter leur qualification et de servir au mieux les int\u00e9r\u00eats de nos fid\u00e8les clients<\/h5><\/div>\n\t\t\t\t<\/div>\n\t\t\t\t<\/div>\n\t\t\t\t\t\t<\/div>\n\t\t\t<\/div>\n\t\t<\/div>\n\t\t\t\t\t\t<\/div>\n\t\t\t<\/div>\n\t\t<\/section>\n\t\t\t\t<section data-id=\"fd6854d\" class=\"elementor-element elementor-element-fd6854d elementor-section-boxed elementor-section-height-default elementor-section-height-default elementor-section elementor-top-section\" data-element_type=\"section\">\n\t\t\t\t\t\t<div class=\"elementor-container elementor-column-gap-default\">\n\t\t\t\t<div class=\"elementor-row\">\n\t\t\t\t<div data-id=\"5de8e4c\" class=\"elementor-element elementor-element-5de8e4c elementor-column elementor-col-50 elementor-top-column\" data-element_type=\"column\">\n\t\t\t<div class=\"elementor-column-wrap elementor-element-populated\">\n\t\t\t\t\t<div class=\"elementor-widget-wrap\">\n\t\t\t\t<div data-id=\"dc912a5\" class=\"elementor-element elementor-element-dc912a5 elementor-widget elementor-widget-image-carousel\" data-settings=\"{&quot;slides_to_show&quot;:&quot;1&quot;,&quot;navigation&quot;:&quot;both&quot;,&quot;pause_on_hover&quot;:&quot;yes&quot;,&quot;autoplay&quot;:&quot;yes&quot;,&quot;autoplay_speed&quot;:5000,&quot;infinite&quot;:&quot;yes&quot;,&quot;effect&quot;:&quot;slide&quot;,&quot;speed&quot;:500,&quot;direction&quot;:&quot;ltr&quot;}\" data-element_type=\"image-carousel.default\">\n\t\t\t\t<div class=\"elementor-widget-container\">\n\t\t\t\t\t<div class=\"elementor-image-carousel-wrapper elementor-slick-slider\" dir=\"ltr\">\n\t\t\t<div class=\"elementor-image-carousel slick-arrows-inside slick-dots-outside slick-image-stretch\">\n\t\t\t\t<div class=\"slick-slide\"><figure class=\"slick-slide-inner\"><img decoding=\"async\" class=\"slick-slide-image\" src=\"http:\/\/seniranauto.sn\/wp-content\/uploads\/elementor\/thumbs\/IMG_20180808_143916-nvfqdl69p5dotlbzk6zzzjhx64n904izjvxmewhngc.jpg\" alt=\"IMG_20180808_143916\" \/><\/figure><\/div><div class=\"slick-slide\"><figure class=\"slick-slide-inner\"><img decoding=\"async\" class=\"slick-slide-image\" src=\"http:\/\/seniranauto.sn\/wp-content\/uploads\/elementor\/thumbs\/IMG_20180808_143846-nvfqfr6vgechl86nwmq18ht6h3ypr04pim2x8v9z3w.jpg\" alt=\"IMG_20180808_143846\" \/><\/figure><\/div><div class=\"slick-slide\"><figure class=\"slick-slide-inner\"><img decoding=\"async\" class=\"slick-slide-image\" src=\"http:\/\/seniranauto.sn\/wp-content\/uploads\/elementor\/thumbs\/IMG_20180808_143823-nvfqic8w8zvvimfht8y3lcbta981x1e4venzr9fzzw.jpg\" alt=\"IMG_20180808_143823\" \/><\/figure><\/div><div class=\"slick-slide\"><figure class=\"slick-slide-inner\"><img decoding=\"async\" class=\"slick-slide-image\" src=\"http:\/\/seniranauto.sn\/wp-content\/uploads\/elementor\/thumbs\/IMG_20180808_143639-nvfqkcmgv8myclid2m8dfc2b0xbbdqdgtcwdpkgoos.jpg\" alt=\"IMG_20180808_143639\" \/><\/figure><\/div><div class=\"slick-slide\"><figure class=\"slick-slide-inner\"><img decoding=\"async\" class=\"slick-slide-image\" src=\"http:\/\/seniranauto.sn\/wp-content\/uploads\/elementor\/thumbs\/IMG_20180808_143620-nvfqmd01hhe16kl8bzin9bssrlekufcsrb4rnvhddo.jpg\" alt=\"IMG_20180808_143620\" \/><\/figure><\/div><div class=\"slick-slide\"><figure class=\"slick-slide-inner\"><img decoding=\"async\" class=\"slick-slide-image\" src=\"http:\/\/seniranauto.sn\/wp-content\/uploads\/elementor\/thumbs\/IMG_20180808_143544-nvfqolu5t8gox1bt7ygk7refuqc58e9pqf8ixo5iik.jpg\" alt=\"IMG_20180808_143544\" \/><\/figure><\/div><div class=\"slick-slide\"><figure class=\"slick-slide-inner\"><img decoding=\"async\" class=\"slick-slide-image\" src=\"http:\/\/seniranauto.sn\/wp-content\/uploads\/elementor\/thumbs\/IMG_20180808_143922-nvfqql9w8n6hfeg1mtc7h9dh00k1he5bc8tfep7ldo.jpg\" alt=\"IMG_20180808_143922\" \/><\/figure><\/div>\t\t\t<\/div>\n\t\t<\/div>\n\t\t\t\t<\/div>\n\t\t\t\t<\/div>\n\t\t\t\t\t\t<\/div>\n\t\t\t<\/div>\n\t\t<\/div>\n\t\t\t\t<div data-id=\"f92bd95\" class=\"elementor-element elementor-element-f92bd95 elementor-column elementor-col-50 elementor-top-column\" data-element_type=\"column\">\n\t\t\t<div class=\"elementor-column-wrap elementor-element-populated\">\n\t\t\t\t\t<div class=\"elementor-widget-wrap\">\n\t\t\t\t<div data-id=\"9392998\" class=\"elementor-element elementor-element-9392998 elementor-widget elementor-widget-text-editor\" data-element_type=\"text-editor.default\">\n\t\t\t\t<div class=\"elementor-widget-container\">\n\t\t\t\t\t<div class=\"elementor-text-editor elementor-clearfix\"><h5>Formation des employ\u00e9s en Persan langue Nationale Iranienne\u00a0 qui renforce les liens forts qui unit d\u00e9j\u00e0 les employ\u00e9s aux employeurs\u00a0<\/h5><\/div>\n\t\t\t\t<\/div>\n\t\t\t\t<\/div>\n\t\t\t\t\t\t<\/div>\n\t\t\t<\/div>\n\t\t<\/div>\n\t\t\t\t\t\t<\/div>\n\t\t\t<\/div>\n\t\t<\/section>\n\t\t\t\t<section data-id=\"1f3c8e5\" class=\"elementor-element elementor-element-1f3c8e5 elementor-section-boxed elementor-section-height-default elementor-section-height-default elementor-section elementor-top-section\" data-element_type=\"section\">\n\t\t\t\t\t\t<div class=\"elementor-container elementor-column-gap-default\">\n\t\t\t\t<div class=\"elementor-row\">\n\t\t\t\t<div data-id=\"0ca988f\" class=\"elementor-element elementor-element-0ca988f elementor-column elementor-col-100 elementor-top-column\" data-element_type=\"column\">\n\t\t\t<div class=\"elementor-column-wrap\">\n\t\t\t\t\t<div class=\"elementor-widget-wrap\">\n\t\t\t\t\t\t<\/div>\n\t\t\t<\/div>\n\t\t<\/div>\n\t\t\t\t\t\t<\/div>\n\t\t\t<\/div>\n\t\t<\/section>\n\t\t\t\t\t\t<\/div>\n\t\t\t<\/div>\n\t\t<\/div>\n\t\t","protected":false},"excerpt":{"rendered":"<p>[vc_row][vc_column][vc_column_text]<\/p>\n<p> <img decoding=\"async\" src=\"http:\/\/seniranauto.sn\/wp-content\/uploads\/elementor\/thumbs\/IMG_60241-nvfsoq0e5n6no0kq44o4ik9kkyvxsekcbd3mfx854s.jpg\" alt=\"IMG_60241\"\/> <img decoding=\"async\" src=\"http:\/\/seniranauto.sn\/wp-content\/uploads\/elementor\/thumbs\/IMG_6028-nvfspwb4p6sk6gva94yc4rlbbb3ges89h6gh1dhfcs.jpg\" alt=\"IMG_6028\"\/> <img decoding=\"async\" src=\"http:\/\/seniranauto.sn\/wp-content\/uploads\/elementor\/thumbs\/IMG_6027-nvfsrfrlwewh7gmq9axbpvlid1i40xcfcsy4cp775o.jpg\" alt=\"IMG_6027\"\/> <img decoding=\"async\" src=\"http:\/\/seniranauto.sn\/wp-content\/uploads\/elementor\/thumbs\/IMG_6026-nvfssl4i94h3eaynjsswrl5shzu9flwm6hnhgvhvjw.jpg\" alt=\"IMG_6026\"\/> <img decoding=\"async\" src=\"http:\/\/seniranauto.sn\/wp-content\/uploads\/elementor\/thumbs\/IMG_6025-nvfstjwj9zspbvk4wpu3tuduh92uceqon9sg842b5o.jpg\" alt=\"IMG_6025\"\/> <img decoding=\"async\" src=\"http:\/\/seniranauto.sn\/wp-content\/uploads\/elementor\/thumbs\/IMG_6024-nvfsv66j1q0hbp7hgf0z4fofb53lln61ja8jz9nwfw.jpg\" alt=\"IMG_6024\"\/> <img decoding=\"async\" src=\"http:\/\/seniranauto.sn\/wp-content\/uploads\/elementor\/thumbs\/IMG_6023-nvfswch9l9mdu5i1lfb6qn061hb480typ3lekpx6nw.jpg\" alt=\"IMG_6023\"\/> <img decoding=\"async\" src=\"http:\/\/seniranauto.sn\/wp-content\/uploads\/elementor\/thumbs\/IMG_6022-nvfsxr8jubjv93gbd191ha724acxrofgw2tmhntxbw.jpg\" alt=\"IMG_6022\"\/> <img decoding=\"async\" src=\"http:\/\/seniranauto.sn\/wp-content\/uploads\/elementor\/thumbs\/IMG_6021-nvfszfe7zpu7w50xlr95wv0k4y4fgb2agckp7dcq9o.jpg\" alt=\"IMG_6021\"\/> <img decoding=\"async\" src=\"http:\/\/seniranauto.sn\/wp-content\/uploads\/elementor\/thumbs\/IMG_6020-nvft0kr4cfeu2zcuw94qykku9wgkuzmha1a2bjnenw.jpg\" alt=\"IMG_6020\"\/> <img decoding=\"async\" src=\"http:\/\/seniranauto.sn\/wp-content\/uploads\/elementor\/thumbs\/IMG_6019-nvft1p66iay5y7q5c8lpfsdntgxd1z2xrlbxyfzh8c.jpg\" alt=\"IMG_6019\"\/> <img decoding=\"async\" src=\"http:\/\/seniranauto.sn\/wp-content\/uploads\/elementor\/thumbs\/IMG_6018-nvft2xclfimn3vxz69p66z8bqkvm3qyblnzrig5z3w.jpg\" alt=\"IMG_6018\"\/> <img decoding=\"async\" src=\"http:\/\/seniranauto.sn\/wp-content\/uploads\/elementor\/thumbs\/IMG_6017-nvft46gujkcel64fut79inug92p8d7xfrvb2jqb2t8.jpg\" alt=\"IMG_6017\"\/> <img decoding=\"async\" src=\"http:\/\/seniranauto.sn\/wp-content\/uploads\/elementor\/thumbs\/IMG_6016-nvft582e4xrvhkltr9gcaecw0hjwx42p91ehqsrbwc.jpg\" alt=\"IMG_6016\"\/> <img decoding=\"async\" src=\"http:\/\/seniranauto.sn\/wp-content\/uploads\/elementor\/thumbs\/IMG_6015-nvft6ky00bms9amttukxw20uwiv01dgqrrbqp6quws.jpg\" alt=\"IMG_6015\"\/> <img decoding=\"async\" src=\"http:\/\/seniranauto.sn\/wp-content\/uploads\/elementor\/thumbs\/IMG_6014-nvft7qawd17eg4yr4cgixrl51h75g20xlg13td1jb0.jpg\" alt=\"IMG_6014\"\/> <img decoding=\"async\" src=\"http:\/\/seniranauto.sn\/wp-content\/uploads\/elementor\/thumbs\/IMG_6012-nvft8xjh3eula77y3v5d4gocd7a1a4sl3e1fw39fcs.jpg\" alt=\"IMG_6012\"\/> Dans le soucis d\u2019avoir une expertise locale qualifi\u00e9e SENIRANAUTO&nbsp; a permis a ses employ\u00e9s de b\u00e9n\u00e9ficier des cours en GAZ PROPANE et LIQUIDE par des experts afin d\u201daugmenter leur qualification et de servir au mieux les int\u00e9r\u00eats de nos fid\u00e8les clients <img decoding=\"async\" src=\"http:\/\/seniranauto.sn\/wp-content\/uploads\/elementor\/thumbs\/IMG_20180808_143916-nvfqdl69p5dotlbzk6zzzjhx64n904izjvxmewhngc.jpg\" alt=\"IMG_20180808_143916\"\/> <img decoding=\"async\" src=\"http:\/\/seniranauto.sn\/wp-content\/uploads\/elementor\/thumbs\/IMG_20180808_143846-nvfqfr6vgechl86nwmq18ht6h3ypr04pim2x8v9z3w.jpg\" alt=\"IMG_20180808_143846\"\/> <img decoding=\"async\" src=\"http:\/\/seniranauto.sn\/wp-content\/uploads\/elementor\/thumbs\/IMG_20180808_143823-nvfqic8w8zvvimfht8y3lcbta981x1e4venzr9fzzw.jpg\" alt=\"IMG_20180808_143823\"\/> <img decoding=\"async\" src=\"http:\/\/seniranauto.sn\/wp-content\/uploads\/elementor\/thumbs\/IMG_20180808_143639-nvfqkcmgv8myclid2m8dfc2b0xbbdqdgtcwdpkgoos.jpg\" alt=\"IMG_20180808_143639\"\/> <img decoding=\"async\" src=\"http:\/\/seniranauto.sn\/wp-content\/uploads\/elementor\/thumbs\/IMG_20180808_143620-nvfqmd01hhe16kl8bzin9bssrlekufcsrb4rnvhddo.jpg\" alt=\"IMG_20180808_143620\"\/> <img decoding=\"async\" src=\"http:\/\/seniranauto.sn\/wp-content\/uploads\/elementor\/thumbs\/IMG_20180808_143544-nvfqolu5t8gox1bt7ygk7refuqc58e9pqf8ixo5iik.jpg\" alt=\"IMG_20180808_143544\"\/> <img decoding=\"async\" src=\"http:\/\/seniranauto.sn\/wp-content\/uploads\/elementor\/thumbs\/IMG_20180808_143922-nvfqql9w8n6hfeg1mtc7h9dh00k1he5bc8tfep7ldo.jpg\" alt=\"IMG_20180808_143922\"\/> Formation des employ\u00e9s en Persan langue Nationale Iranienne&nbsp; qui renforce les liens forts qui unit d\u00e9j\u00e0 les [&#8230;]<\/p>\n","protected":false},"author":2,"featured_media":0,"parent":0,"menu_order":0,"comment_status":"closed","ping_status":"closed","template":"","meta":[],"aioseo_notices":[],"_links":{"self":[{"href":"http:\/\/seniranauto.sn\/index.php?rest_route=\/wp\/v2\/pages\/3039"}],"collection":[{"href":"http:\/\/seniranauto.sn\/index.php?rest_route=\/wp\/v2\/pages"}],"about":[{"href":"http:\/\/seniranauto.sn\/index.php?rest_route=\/wp\/v2\/types\/page"}],"author":[{"embeddable":true,"href":"http:\/\/seniranauto.sn\/index.php?rest_route=\/wp\/v2\/users\/2"}],"replies":[{"embeddable":true,"href":"http:\/\/seniranauto.sn\/index.php?rest_route=%2Fwp%2Fv2%2Fcomments&post=3039"}],"version-history":[{"count":21,"href":"http:\/\/seniranauto.sn\/index.php?rest_route=\/wp\/v2\/pages\/3039\/revisions"}],"predecessor-version":[{"id":7234,"href":"http:\/\/seniranauto.sn\/index.php?rest_route=\/wp\/v2\/pages\/3039\/revisions\/7234"}],"wp:attachment":[{"href":"http:\/\/seniranauto.sn\/index.php?rest_route=%2Fwp%2Fv2%2Fmedia&parent=3039"}],"curies":[{"name":"wp","href":"https:\/\/api.w.org\/{rel}","templated":true}]}}